{"id":987451397,"date":"2017-11-06T22:15:09","date_gmt":"2017-11-06T22:15:09","guid":{"rendered":"https:\/\/xxlsmartphone.com\/products\/"},"modified":"2024-12-17T09:04:47","modified_gmt":"2024-12-17T08:04:47","slug":"products","status":"publish","type":"page","link":"https:\/\/xxlsmartphone.com\/de\/products\/","title":{"rendered":"Products"},"content":{"rendered":"<p>[et_pb_section fb_built=&#8220;1&#8243; fullwidth=&#8220;on&#8220; _builder_version=&#8220;3.22&#8243; global_colors_info=&#8220;{}&#8220;][et_pb_fullwidth_header text_orientation=&#8220;center&#8220; button_one_text=&#8220; Ruf uns jetzt an&#8220; button_one_url=&#8220;\/contact&#8220; _builder_version=&#8220;3.16&#8243; background_color=&#8220;rgba(255, 255, 255, 0)&#8220; background_image=&#8220;https:\/\/xxlsmartphone.com\/wp-content\/uploads\/2017\/12\/IMG_3949.jpg&#8220; custom_button_one=&#8220;on&#8220; button_one_text_color=&#8220;#023368&#8243; button_one_bg_color=&#8220;rgba(255,255,255,0.65)&#8220; box_shadow_style_button_one=&#8220;preset2&#8243; box_shadow_horizontal_button_one=&#8220;3px&#8220; box_shadow_vertical_button_one=&#8220;3px&#8220; box_shadow_blur_button_one=&#8220;9px&#8220; text_shadow_style=&#8220;preset5&#8243; global_colors_info=&#8220;{}&#8220; button_one_text_size__hover_enabled=&#8220;off&#8220; button_two_text_size__hover_enabled=&#8220;off&#8220; button_one_text_color__hover_enabled=&#8220;off&#8220; button_two_text_color__hover_enabled=&#8220;off&#8220; button_one_border_width__hover_enabled=&#8220;off&#8220; button_two_border_width__hover_enabled=&#8220;off&#8220; button_one_border_color__hover_enabled=&#8220;off&#8220; button_two_border_color__hover_enabled=&#8220;off&#8220; button_one_border_radius__hover_enabled=&#8220;off&#8220; button_two_border_radius__hover_enabled=&#8220;off&#8220; button_one_letter_spacing__hover_enabled=&#8220;off&#8220; button_two_letter_spacing__hover_enabled=&#8220;off&#8220; button_one_bg_color__hover_enabled=&#8220;off&#8220; button_two_bg_color__hover_enabled=&#8220;off&#8220;]<\/p>\n<h1>XXL Smartphone<\/h1>\n<h1>Interaktive (Touch-) L\u00f6sungen<\/h1>\n<p style=\"text-align: center;\">F\u00fcr all Ihre Pr\u00e4sentationen auf Messen, in Sitzungss\u00e4len, Einzelhandelgesch\u00e4ften, Empfangsr\u00e4umen und der gleichen, Destic bietet die ideale L\u00f6sung: Plug &amp; Play.<\/p>\n<p>[\/et_pb_fullwidth_header][\/et_pb_section][et_pb_section fb_built=&#8220;1&#8243; _builder_version=&#8220;3.22&#8243; global_colors_info=&#8220;{}&#8220;][et_pb_row _builder_version=&#8220;3.25&#8243; background_size=&#8220;initial&#8220; background_position=&#8220;top_left&#8220; background_repeat=&#8220;repeat&#8220; global_colors_info=&#8220;{}&#8220; column_structure=&#8220;1_2,1_2&#8243;][et_pb_column type=&#8220;1_2&#8243; _builder_version=&#8220;3.25&#8243; custom_padding=&#8220;|||&#8220; global_colors_info=&#8220;{}&#8220; custom_padding__hover=&#8220;|||&#8220;][et_pb_text _builder_version=&#8220;4.11.2&#8243; hover_enabled=&#8220;0&#8243; global_colors_info=&#8220;{}&#8220; sticky_enabled=&#8220;0&#8243;]<\/p>\n<h2>Standard in unserem Sortiment<b>:<\/b><\/h2>\n<p>XXL Smartphone 32&#8243; oder sogar 43\u201d Anzeigeformat. Ein echter Blickfang, leicht zug\u00e4nglich durch einfache Bedienung und eine vertraute Android-Umgebung.<\/p>\n<p>F\u00fcr stehende oder liegende Anwendung. Praktisch f\u00fcr die gleichzeitige Arbeit mit mehreren Personen.<\/p>\n<p>&nbsp;<\/p>\n<p>[\/et_pb_text][\/et_pb_column][et_pb_column type=&#8220;1_2&#8243; _builder_version=&#8220;3.25&#8243; custom_padding=&#8220;|||&#8220; global_colors_info=&#8220;{}&#8220; custom_padding__hover=&#8220;|||&#8220;][\/et_pb_column][\/et_pb_row][\/et_pb_section][et_pb_section fb_built=&#8220;1&#8243; _builder_version=&#8220;3.22&#8243; use_background_color_gradient=&#8220;on&#8220; background_color_gradient_start=&#8220;rgba(0,38,63,0.13)&#8220; background_color_gradient_end=&#8220;#f15f3b&#8220; background_color_gradient_start_position=&#8220;73%&#8220; background_color_gradient_end_position=&#8220;74%&#8220; global_colors_info=&#8220;{}&#8220;][et_pb_row _builder_version=&#8220;3.25&#8243; background_size=&#8220;initial&#8220; background_position=&#8220;top_left&#8220; background_repeat=&#8220;repeat&#8220; module_alignment=&#8220;center&#8220; global_colors_info=&#8220;{}&#8220;][et_pb_column type=&#8220;4_4&#8243; _builder_version=&#8220;3.25&#8243; custom_padding=&#8220;|||&#8220; global_colors_info=&#8220;{}&#8220; custom_padding__hover=&#8220;|||&#8220;][et_pb_image src=&#8220;https:\/\/xxlsmartphone.com\/wp-content\/uploads\/2024\/12\/xxldisplays3.png&#8220; align_tablet=&#8220;center&#8220; align_last_edited=&#8220;on|desktop&#8220; _builder_version=&#8220;4.11.2&#8243; hover_enabled=&#8220;0&#8243; global_colors_info=&#8220;{}&#8220; title_text=&#8220;xxldisplays3&#8243; sticky_enabled=&#8220;0&#8243;][\/et_pb_image][\/et_pb_column][\/et_pb_row][et_pb_row _builder_version=&#8220;3.25&#8243; background_size=&#8220;initial&#8220; background_position=&#8220;top_left&#8220; background_repeat=&#8220;repeat&#8220; global_colors_info=&#8220;{}&#8220;][et_pb_column type=&#8220;4_4&#8243; _builder_version=&#8220;3.25&#8243; custom_padding=&#8220;|||&#8220; global_colors_info=&#8220;{}&#8220; custom_padding__hover=&#8220;|||&#8220;][et_pb_toggle title=&#8220;32 Zoll&#8220; _builder_version=&#8220;3.0.90&#8243; custom_margin=&#8220;||5px|&#8220; global_colors_info=&#8220;{}&#8220;]<\/p>\n<h2>32 Zoll<\/h2>\n<table class=\"item__full-table\">\n<tbody>\n<tr>\n<td>Bildschirmgr\u00f6\u00dfe<\/td>\n<td>32&#8243;; 81,28cm<\/td>\n<\/tr>\n<tr>\n<td>Seitenverh\u00e4ltnis<\/td>\n<td>16 : 9<\/td>\n<\/tr>\n<tr>\n<td>Panel<\/td>\n<td>AMVA+ LED<\/td>\n<\/tr>\n<tr>\n<td>Native Aufl\u00f6sung<\/td>\n<td>Volles HD 1080p, 1920 x 1080<\/td>\n<\/tr>\n<tr>\n<td>Helligkeit<\/td>\n<td>250 cd\/m2 mit Touch-Panel<\/td>\n<\/tr>\n<tr>\n<td>Sch\u00e4rfer Kontrast<\/td>\n<td>12 000 000 : 1 ACR<\/td>\n<\/tr>\n<tr>\n<td>Reaktionszeit<\/td>\n<td>5ms<\/td>\n<\/tr>\n<tr>\n<td>Schirm Farbe<\/td>\n<td>16.7 million<\/td>\n<\/tr>\n<tr>\n<td>Lautsprecher<\/td>\n<td>3W single<\/td>\n<\/tr>\n<tr>\n<td>Blaulicht-Reduzierer<\/td>\n<td>Ja<\/td>\n<\/tr>\n<tr>\n<td>Touch-Technologie<\/td>\n<td>projektiv kapazitiv, Multitouch (12 kompatibel Saugpunkte)<\/td>\n<\/tr>\n<tr>\n<td>Saugpunkte<\/td>\n<td>12<\/td>\n<\/tr>\n<tr>\n<td>Orientierung<\/td>\n<td>Portrait oder Landschaft<\/td>\n<\/tr>\n<tr>\n<td>Geh\u00e4use<\/td>\n<td>Kunststoff<\/td>\n<\/tr>\n<tr>\n<td>St\u00e4nder<\/td>\n<td>Stahl\/ Kunststoff<\/td>\n<\/tr>\n<tr>\n<td>Betriebssystem<\/td>\n<td>Android<\/td>\n<\/tr>\n<tr>\n<td>Garantie<\/td>\n<td>1 Jahr \/ 3 Jahre mit Destic Unterst\u00fctzung (Zus\u00e4tzliches Abonnement)<\/td>\n<\/tr>\n<tr>\n<td>Ma\u00dfe<\/td>\n<td>&nbsp;L 93cm x W 7cm x H 57.2cm<\/td>\n<\/tr>\n<\/tbody>\n<\/table>\n<p>[\/et_pb_toggle][et_pb_toggle title=&#8220;42 Zoll&#8220; _builder_version=&#8220;3.0.90&#8243; custom_margin=&#8220;||5px|&#8220; custom_padding=&#8220;|||&#8220; global_colors_info=&#8220;{}&#8220;]<span style=\"color: #333333; font-size: 22px; letter-spacing: 2px;\">42 Zoll<\/span><\/p>\n<p>Technische Spezifikationen<\/p>\n<p>&nbsp;<\/p>\n<table class=\"item__full-table\">\n<tbody>\n<tr>\n<td>Bildschirmgr\u00f6\u00dfe<\/td>\n<td>42\u201d; 106.5cm<\/td>\n<\/tr>\n<tr>\n<td>Seitenverh\u00e4ltnis<\/td>\n<td>16 : 9<\/td>\n<\/tr>\n<tr>\n<td>Panel<\/td>\n<td>AMVA3 LED, AG beschichtetes Glas<\/td>\n<\/tr>\n<tr>\n<td>Native Aufl\u00f6sung<\/td>\n<td>Volles HD 1080p, 1920 x 1080 (2.1 Megapixel)<\/td>\n<\/tr>\n<tr>\n<td>Helligkeit<\/td>\n<td>400 cd\/m2 typisch<\/td>\n<\/tr>\n<tr>\n<td>Helligkeit<\/td>\n<td>340 cd\/m2 mit Touch Panel<\/td>\n<\/tr>\n<tr>\n<td>Sch\u00e4rfer Kontrast<\/td>\n<td>3000 : 1 typisch<\/td>\n<\/tr>\n<tr>\n<td>Reaktionszeit<\/td>\n<td>6.5ms<\/td>\n<\/tr>\n<tr>\n<td>Schirm Farbe<\/td>\n<td>16.7 million<\/td>\n<\/tr>\n<tr>\n<td>Touch-technologie<\/td>\n<td>projektiv kapazitiv, Multitouch (10 kompatibel Saugpunkte)<\/td>\n<\/tr>\n<tr>\n<td>Saugpunkte<\/td>\n<td>10<\/td>\n<\/tr>\n<tr>\n<td>Max. Non-Stop-Betriebszeit<\/td>\n<td>12 Stunden\/Tag<\/td>\n<\/tr>\n<tr>\n<td>Blendungsfreie Beschichtung<\/td>\n<td>Ja<\/td>\n<\/tr>\n<tr>\n<td>Lautsprecher<\/td>\n<td>2 x 7 W (Stereo)<\/td>\n<\/tr>\n<tr>\n<td>Orientierung<\/td>\n<td>Portrait<\/td>\n<\/tr>\n<tr>\n<td>Geh\u00e4use<\/td>\n<td>Kunststoff<\/td>\n<\/tr>\n<tr>\n<td>St\u00e4nder<\/td>\n<td>Stahl<\/td>\n<\/tr>\n<tr>\n<td>Garantie<\/td>\n<td>1 Jahr \/ 3 Jahre mit Destic&nbsp;Unterst\u00fctzung (Zus\u00e4tzliches Abonnement)<\/td>\n<\/tr>\n<tr>\n<td>Ma\u00dfe<\/td>\n<td>L 164cm x W 11cm x H 60.5cm<\/td>\n<\/tr>\n<tr>\n<td>Betriebssystem<\/td>\n<td>Android<\/td>\n<\/tr>\n<\/tbody>\n<\/table>\n<p>[\/et_pb_toggle][\/et_pb_column][\/et_pb_row][\/et_pb_section][et_pb_section fb_built=&#8220;1&#8243; _builder_version=&#8220;3.22&#8243; custom_padding=&#8220;0px|0px|0px|0px&#8220; global_colors_info=&#8220;{}&#8220;][\/et_pb_section]<\/p>\n","protected":false},"excerpt":{"rendered":"<p>XXL Smartphone Interaktive (Touch-) L\u00f6sungen F\u00fcr all Ihre Pr\u00e4sentationen auf Messen, in Sitzungss\u00e4len, Einzelhandelgesch\u00e4ften, Empfangsr\u00e4umen und der gleichen, Destic bietet die ideale L\u00f6sung: Plug &amp; Play.Standard in unserem Sortiment: XXL Smartphone 32&#8243; oder sogar 43\u201d Anzeigeformat. Ein echter Blickfang, leicht zug\u00e4nglich durch einfache Bedienung und eine vertraute Android-Umgebung. F\u00fcr stehende oder liegende Anwendung. Praktisch f\u00fcr [&hellip;]<\/p>\n","protected":false},"author":6,"featured_media":0,"parent":0,"menu_order":0,"comment_status":"closed","ping_status":"closed","template":"","meta":{"_et_pb_use_builder":"on","_et_pb_old_content":"","_et_gb_content_width":"","footnotes":""},"class_list":["post-987451397","page","type-page","status-publish","hentry"],"yoast_head":"<!-- This site is optimized with the Yoast SEO plugin v21.5 - https:\/\/yoast.com\/wordpress\/plugins\/seo\/ -->\n<title>Products - XXLsmartphone<\/title>\n<meta name=\"robots\" content=\"index, follow, max-snippet:-1, max-image-preview:large, max-video-preview:-1\" \/>\n<link rel=\"canonical\" href=\"https:\/\/xxlsmartphone.com\/de\/products\/\" \/>\n<meta property=\"og:locale\" content=\"de_DE\" \/>\n<meta property=\"og:type\" content=\"article\" \/>\n<meta property=\"og:title\" content=\"Products - XXLsmartphone\" \/>\n<meta property=\"og:description\" content=\"XXL Smartphone Interaktive (Touch-) L\u00f6sungen F\u00fcr all Ihre Pr\u00e4sentationen auf Messen, in Sitzungss\u00e4len, Einzelhandelgesch\u00e4ften, Empfangsr\u00e4umen und der gleichen, Destic bietet die ideale L\u00f6sung: Plug &amp; Play.Standard in unserem Sortiment: XXL Smartphone 32&quot; oder sogar 43\u201d Anzeigeformat. Ein echter Blickfang, leicht zug\u00e4nglich durch einfache Bedienung und eine vertraute Android-Umgebung. F\u00fcr stehende oder liegende Anwendung. Praktisch f\u00fcr [&hellip;]\" \/>\n<meta property=\"og:url\" content=\"https:\/\/xxlsmartphone.com\/de\/products\/\" \/>\n<meta property=\"og:site_name\" content=\"XXLsmartphone\" \/>\n<meta property=\"article:modified_time\" content=\"2024-12-17T08:04:47+00:00\" \/>\n<meta name=\"twitter:card\" content=\"summary_large_image\" \/>\n<meta name=\"twitter:label1\" content=\"Gesch\u00e4tzte Lesezeit\" \/>\n\t<meta name=\"twitter:data1\" content=\"4\u00a0Minuten\" \/>\n<script type=\"application\/ld+json\" class=\"yoast-schema-graph\">{\"@context\":\"https:\/\/schema.org\",\"@graph\":[{\"@type\":\"WebPage\",\"@id\":\"https:\/\/xxlsmartphone.com\/de\/products\/\",\"url\":\"https:\/\/xxlsmartphone.com\/de\/products\/\",\"name\":\"Products - XXLsmartphone\",\"isPartOf\":{\"@id\":\"https:\/\/xxlsmartphone.com\/#website\"},\"datePublished\":\"2017-11-06T22:15:09+00:00\",\"dateModified\":\"2024-12-17T08:04:47+00:00\",\"breadcrumb\":{\"@id\":\"https:\/\/xxlsmartphone.com\/de\/products\/#breadcrumb\"},\"inLanguage\":\"de\",\"potentialAction\":[{\"@type\":\"ReadAction\",\"target\":[\"https:\/\/xxlsmartphone.com\/de\/products\/\"]}]},{\"@type\":\"BreadcrumbList\",\"@id\":\"https:\/\/xxlsmartphone.com\/de\/products\/#breadcrumb\",\"itemListElement\":[{\"@type\":\"ListItem\",\"position\":1,\"name\":\"Home\",\"item\":\"https:\/\/xxlsmartphone.com\/\"},{\"@type\":\"ListItem\",\"position\":2,\"name\":\"Products\"}]},{\"@type\":\"WebSite\",\"@id\":\"https:\/\/xxlsmartphone.com\/#website\",\"url\":\"https:\/\/xxlsmartphone.com\/\",\"name\":\"XXLsmartphone\",\"description\":\"blow up phones\",\"potentialAction\":[{\"@type\":\"SearchAction\",\"target\":{\"@type\":\"EntryPoint\",\"urlTemplate\":\"https:\/\/xxlsmartphone.com\/?s={search_term_string}\"},\"query-input\":\"required name=search_term_string\"}],\"inLanguage\":\"de\"}]}<\/script>\n<!-- \/ Yoast SEO plugin. -->","yoast_head_json":{"title":"Products - XXLsmartphone","robots":{"index":"index","follow":"follow","max-snippet":"max-snippet:-1","max-image-preview":"max-image-preview:large","max-video-preview":"max-video-preview:-1"},"canonical":"https:\/\/xxlsmartphone.com\/de\/products\/","og_locale":"de_DE","og_type":"article","og_title":"Products - XXLsmartphone","og_description":"XXL Smartphone Interaktive (Touch-) L\u00f6sungen F\u00fcr all Ihre Pr\u00e4sentationen auf Messen, in Sitzungss\u00e4len, Einzelhandelgesch\u00e4ften, Empfangsr\u00e4umen und der gleichen, Destic bietet die ideale L\u00f6sung: Plug &amp; Play.Standard in unserem Sortiment: XXL Smartphone 32\" oder sogar 43\u201d Anzeigeformat. Ein echter Blickfang, leicht zug\u00e4nglich durch einfache Bedienung und eine vertraute Android-Umgebung. F\u00fcr stehende oder liegende Anwendung. Praktisch f\u00fcr [&hellip;]","og_url":"https:\/\/xxlsmartphone.com\/de\/products\/","og_site_name":"XXLsmartphone","article_modified_time":"2024-12-17T08:04:47+00:00","twitter_card":"summary_large_image","twitter_misc":{"Gesch\u00e4tzte Lesezeit":"4\u00a0Minuten"},"schema":{"@context":"https:\/\/schema.org","@graph":[{"@type":"WebPage","@id":"https:\/\/xxlsmartphone.com\/de\/products\/","url":"https:\/\/xxlsmartphone.com\/de\/products\/","name":"Products - XXLsmartphone","isPartOf":{"@id":"https:\/\/xxlsmartphone.com\/#website"},"datePublished":"2017-11-06T22:15:09+00:00","dateModified":"2024-12-17T08:04:47+00:00","breadcrumb":{"@id":"https:\/\/xxlsmartphone.com\/de\/products\/#breadcrumb"},"inLanguage":"de","potentialAction":[{"@type":"ReadAction","target":["https:\/\/xxlsmartphone.com\/de\/products\/"]}]},{"@type":"BreadcrumbList","@id":"https:\/\/xxlsmartphone.com\/de\/products\/#breadcrumb","itemListElement":[{"@type":"ListItem","position":1,"name":"Home","item":"https:\/\/xxlsmartphone.com\/"},{"@type":"ListItem","position":2,"name":"Products"}]},{"@type":"WebSite","@id":"https:\/\/xxlsmartphone.com\/#website","url":"https:\/\/xxlsmartphone.com\/","name":"XXLsmartphone","description":"blow up phones","potentialAction":[{"@type":"SearchAction","target":{"@type":"EntryPoint","urlTemplate":"https:\/\/xxlsmartphone.com\/?s={search_term_string}"},"query-input":"required name=search_term_string"}],"inLanguage":"de"}]}},"_links":{"self":[{"href":"https:\/\/xxlsmartphone.com\/de\/wp-json\/wp\/v2\/pages\/987451397\/"}],"collection":[{"href":"https:\/\/xxlsmartphone.com\/de\/wp-json\/wp\/v2\/pages\/"}],"about":[{"href":"https:\/\/xxlsmartphone.com\/de\/wp-json\/wp\/v2\/types\/page\/"}],"author":[{"embeddable":true,"href":"https:\/\/xxlsmartphone.com\/de\/wp-json\/wp\/v2\/users\/6\/"}],"replies":[{"embeddable":true,"href":"https:\/\/xxlsmartphone.com\/de\/wp-json\/wp\/v2\/comments\/?post=987451397"}],"version-history":[{"count":8,"href":"https:\/\/xxlsmartphone.com\/de\/wp-json\/wp\/v2\/pages\/987451397\/revisions\/"}],"predecessor-version":[{"id":987452098,"href":"https:\/\/xxlsmartphone.com\/de\/wp-json\/wp\/v2\/pages\/987451397\/revisions\/987452098\/"}],"wp:attachment":[{"href":"https:\/\/xxlsmartphone.com\/de\/wp-json\/wp\/v2\/media\/?parent=987451397"}],"curies":[{"name":"wp","href":"https:\/\/api.w.org\/{rel}","templated":true}]}}